{"id":963,"date":"2018-05-27T15:35:58","date_gmt":"2018-05-27T13:35:58","guid":{"rendered":"http:\/\/macke.spdns.de\/?page_id=963"},"modified":"2020-04-28T20:11:03","modified_gmt":"2020-04-28T18:11:03","slug":"setihome","status":"publish","type":"page","link":"https:\/\/macke.spdns.de\/?page_id=963","title":{"rendered":"SETI@Home"},"content":{"rendered":"<p>SETI@Home hat die Verteilung von Rechenpaketen gestoppt \ud83d\ude41<\/p>\n<p>Die gelieferten Berechnungsergebnisse sollen jetzt erst einmal wissenschaftlich ausgewertet werden.<\/p>\n<p>Ok, dann rechne ich solange f\u00fcr Folding@home<\/p>\n<p><a href=\"https:\/\/setiathome.berkeley.edu\/\">SETI@Home<\/a> ist ein Projekt der Universit\u00e4t Berkeley. Es nutzt die Leerlaufzeiten von mit dem Internet verbundenen Computern f\u00fcr die Suche nach au\u00dferirdischer Intelligenz.<\/p>\n<p>Das Projekt ging 1999 online und zun\u00e4chst konnte ein Bildschirmschoner f\u00fcr Windows heruntergeladen werden. W\u00e4hrend z.B. &#8222;Mystify&#8220; als Bildschirmschoner einfach nur bunte drehende und wirbelnde Linien anzeigt, f\u00fchrt dieser Bildschirmschoner Berechnungen zur Auswertung von Daten durch. Diese Daten stammen von verschiedenen Radioteleskopen, werden in Berkeley in kleine Rechenpakete verpackt und von den teilnehmenden Rechnern heruntergeladen. Wenn sich der Rechner im Leerlauf befindet, springt der Bildschirmschoner an, f\u00fchrt die entsprechenden Berechnungen durch und sendet die Ergebnisse zur\u00fcck.<\/p>\n<p>Heute wird das verteilte Rechnen durch die Berkeley Open Infrastructure for Network Computing <a href=\"https:\/\/boinc.berkeley.edu\/\">(BOINC)<\/a> verwaltet. Damit ist es m\u00f6glich mehrere verschiedene rechenintensive Projekte zu unterst\u00fctzen, wie z.B.:<\/p>\n<p><a href=\"http:\/\/climateprediction.net\/\">Climateprediction.net<\/a>: Berechnungen f\u00fcr Klimamodelle<br \/>\n<a href=\"https:\/\/boinc.thesonntags.com\/collatz\/\">Collatz Conjecture<\/a>: Berechnungen f\u00fcr das Collatz Problem<\/p>\n<p>Ich selbst rechne seit 1999 f\u00fcr SETI@Home. Leider habe ich 2001 meinen Benutzernamen vergessen und musste ein neues Benutzerkonto anlegen. Das wirkt sich auf die hier zu findende Benutzerstatistik allerdings nur marginal aus, weil der damalige Pentium III im Vergleich zu den heutigen Prozessoren nur eine geringe Anzahl von &#8222;Paketen&#8220; durchgerechnet hat. Ich habe es noch nicht exakt gepr\u00fcft, glaube aber, dass mein Handy (Galaxy S5) das nachdem es nachts fertig geladen hat ebenfalls f\u00fcr SETI rechnet, mehr schafft.<\/p>\n<p>Hier meine aktuelle Statistik:<\/p>\n<p style=\"text-align: center;\"><iframe src=\"https:\/\/stats.free-dc.org\/cpidtagb.php?cpid=6c4d57e803f9190484b454e685050aac&amp;theme=2&amp;cols=1\"><span style=\"display: inline-block; width: 0px; overflow: hidden; line-height: 0;\" data-mce-type=\"bookmark\" class=\"mce_SELRES_start\">\ufeff<\/span><\/iframe><\/p>\n<p style=\"text-align: left;\">Immerhin habe ich mich auf ca. den 76.000 (Korrektur: inzwischen 35.000) Platz aller Teilnehmer (ca. 1,7 Mio.) hochgerechnet!<\/p>\n<p>Hier ein aktuelles &#8222;Zertifikat&#8220; f\u00fcr geleistete Arbeit \ud83d\ude09<\/p>\n<p style=\"text-align: center;\"><a href=\"https:\/\/macke.spdns.de\/wp-content\/uploads\/2020\/04\/cert3.jpg\"><img loading=\"lazy\" decoding=\"async\" class=\"alignnone size-medium wp-image-2681\" src=\"https:\/\/macke.spdns.de\/wp-content\/uploads\/2020\/04\/cert3-300x225.jpg\" alt=\"\" width=\"300\" height=\"225\" srcset=\"https:\/\/macke.spdns.de\/wp-content\/uploads\/2020\/04\/cert3-300x225.jpg 300w, https:\/\/macke.spdns.de\/wp-content\/uploads\/2020\/04\/cert3-150x113.jpg 150w, https:\/\/macke.spdns.de\/wp-content\/uploads\/2020\/04\/cert3-768x576.jpg 768w, https:\/\/macke.spdns.de\/wp-content\/uploads\/2020\/04\/cert3-816x612.jpg 816w, https:\/\/macke.spdns.de\/wp-content\/uploads\/2020\/04\/cert3.jpg 900w\" sizes=\"auto, (max-width: 300px) 100vw, 300px\" \/><\/a><\/p>\n","protected":false},"excerpt":{"rendered":"<p>SETI@Home hat die Verteilung von Rechenpaketen gestoppt \ud83d\ude41 Die gelieferten Berechnungsergebnisse sollen jetzt erst einmal wissenschaftlich ausgewertet werden. Ok, dann rechne ich solange f\u00fcr Folding@home SETI@Home ist ein Projekt der Universit\u00e4t Berkeley. Es nutzt die Leerlaufzeiten von mit dem Internet verbundenen Computern f\u00fcr die Suche nach au\u00dferirdischer Intelligenz. Das Projekt ging 1999 online und zun\u00e4chst [&hellip;]<\/p>\n","protected":false},"author":1,"featured_media":0,"parent":0,"menu_order":0,"comment_status":"closed","ping_status":"closed","template":"","meta":{"footnotes":""},"class_list":["post-963","page","type-page","status-publish","hentry"],"_links":{"self":[{"href":"https:\/\/macke.spdns.de\/index.php?rest_route=\/wp\/v2\/pages\/963","targetHints":{"allow":["GET"]}}],"collection":[{"href":"https:\/\/macke.spdns.de\/index.php?rest_route=\/wp\/v2\/pages"}],"about":[{"href":"https:\/\/macke.spdns.de\/index.php?rest_route=\/wp\/v2\/types\/page"}],"author":[{"embeddable":true,"href":"https:\/\/macke.spdns.de\/index.php?rest_route=\/wp\/v2\/users\/1"}],"replies":[{"embeddable":true,"href":"https:\/\/macke.spdns.de\/index.php?rest_route=%2Fwp%2Fv2%2Fcomments&post=963"}],"version-history":[{"count":0,"href":"https:\/\/macke.spdns.de\/index.php?rest_route=\/wp\/v2\/pages\/963\/revisions"}],"wp:attachment":[{"href":"https:\/\/macke.spdns.de\/index.php?rest_route=%2Fwp%2Fv2%2Fmedia&parent=963"}],"curies":[{"name":"wp","href":"https:\/\/api.w.org\/{rel}","templated":true}]}}