{"id":623,"date":"2018-01-13T13:25:44","date_gmt":"2018-01-13T12:25:44","guid":{"rendered":"http:\/\/macke.spdns.de\/?page_id=623"},"modified":"2022-07-16T09:01:40","modified_gmt":"2022-07-16T07:01:40","slug":"seltsame-gps-ergebnisse","status":"publish","type":"page","link":"https:\/\/macke.spdns.de\/?page_id=623","title":{"rendered":"Seltsame GNSS-Messergebnisse"},"content":{"rendered":"<p>Aufgezeichnet am 5.1.18 um 16:33 Uhr<\/p>\n<div id=\"tsmap_1\"  style=\"width: 100%; height: 480px; max-width: 100%\"><\/div>\n<a href=\"https:\/\/macke.spdns.de\/index.php\/trackserver\/gettrack\/?query=eyJpZCI6WzE1Ml0sImxpdmUiOltdfQ%3D%3D&p=623&format=gpx&maxage=0&_wpnonce=94d557dd7b\" >Download Track<\/a>\n<p>Aufgezeichnet am 1.1.18 um 8:20 Uhr<\/p>\n<div id=\"tsmap_2\"  style=\"width: 100%; height: 480px; max-width: 100%\"><\/div>\n<a href=\"https:\/\/macke.spdns.de\/index.php\/trackserver\/gettrack\/?query=eyJpZCI6WzE1MF0sImxpdmUiOltdfQ%3D%3D&p=623&format=gpx&maxage=0&_wpnonce=b87c581c19\" >Download Track<\/a>\n<p>Aufgezeichnet am 28.12.17 um 14:19 Uhr<\/p>\n<div id=\"tsmap_3\"  style=\"width: 100%; height: 480px; max-width: 100%\"><\/div>\n<a href=\"https:\/\/macke.spdns.de\/index.php\/trackserver\/gettrack\/?query=eyJpZCI6WzE0OV0sImxpdmUiOltdfQ%3D%3D&p=623&format=gpx&maxage=0&_wpnonce=e1024afba0\" >Download Track<\/a>\n<p>Aufgezeichnet am 24.12.17 um 14:51 Uhr<\/p>\n<div id=\"tsmap_4\"  style=\"width: 100%; height: 480px; max-width: 100%\"><\/div>\n<a href=\"https:\/\/macke.spdns.de\/index.php\/trackserver\/gettrack\/?query=eyJpZCI6WzE0OF0sImxpdmUiOltdfQ%3D%3D&p=623&format=gpx&maxage=0&_wpnonce=0f0e8d20c5\" >Download Track<\/a>\n<p>Aufgezeichnet am 10.12.17 um 9:06 Uhr<\/p>\n<div id=\"tsmap_5\"  style=\"width: 100%; height: 480px; max-width: 100%\"><\/div>\n<a href=\"https:\/\/macke.spdns.de\/index.php\/trackserver\/gettrack\/?query=eyJpZCI6WzE0NF0sImxpdmUiOltdfQ%3D%3D&p=623&format=gpx&maxage=0&_wpnonce=d562104f48\" >Download Track<\/a>\n<p>Das Problem hat sich inzwischen gekl\u00e4rt. Ich nutze TrackMe zum Aufzeichnen der Tracks und f\u00fcr das Live Tracking. In der Konfiguration hatte ich eine zu gro\u00dfe Toleranz (500m) f\u00fcr die Genauigkeit der aufzuzeichnenden Punkte eingestellt.<\/p>\n<p>Dann war es f\u00fcr TrackMe genau genug die Position des n\u00e4chsten Funkmasten aufzuzeichnen.\u00a0 \ud83d\ude09<\/p>\n<p>Vielen Dank an Luis Espinosa.<\/p>\n","protected":false},"excerpt":{"rendered":"<p>Aufgezeichnet am 5.1.18 um 16:33 Uhr Aufgezeichnet am 1.1.18 um 8:20 Uhr Aufgezeichnet am 28.12.17 um 14:19 Uhr Aufgezeichnet am 24.12.17 um 14:51 Uhr Aufgezeichnet am 10.12.17 um 9:06 Uhr Das Problem hat sich inzwischen gekl\u00e4rt. Ich nutze TrackMe zum Aufzeichnen der Tracks und f\u00fcr das Live Tracking. In der Konfiguration hatte ich eine zu [&hellip;]<\/p>\n","protected":false},"author":1,"featured_media":0,"parent":0,"menu_order":0,"comment_status":"closed","ping_status":"closed","template":"","meta":{"footnotes":""},"class_list":["post-623","page","type-page","status-publish","hentry"],"_links":{"self":[{"href":"https:\/\/macke.spdns.de\/index.php?rest_route=\/wp\/v2\/pages\/623","targetHints":{"allow":["GET"]}}],"collection":[{"href":"https:\/\/macke.spdns.de\/index.php?rest_route=\/wp\/v2\/pages"}],"about":[{"href":"https:\/\/macke.spdns.de\/index.php?rest_route=\/wp\/v2\/types\/page"}],"author":[{"embeddable":true,"href":"https:\/\/macke.spdns.de\/index.php?rest_route=\/wp\/v2\/users\/1"}],"replies":[{"embeddable":true,"href":"https:\/\/macke.spdns.de\/index.php?rest_route=%2Fwp%2Fv2%2Fcomments&post=623"}],"version-history":[{"count":0,"href":"https:\/\/macke.spdns.de\/index.php?rest_route=\/wp\/v2\/pages\/623\/revisions"}],"wp:attachment":[{"href":"https:\/\/macke.spdns.de\/index.php?rest_route=%2Fwp%2Fv2%2Fmedia&parent=623"}],"curies":[{"name":"wp","href":"https:\/\/api.w.org\/{rel}","templated":true}]}}