{"id":3520,"date":"2021-07-14T11:30:20","date_gmt":"2021-07-14T09:30:20","guid":{"rendered":"https:\/\/macke.spdns.de\/?page_id=3520"},"modified":"2022-07-30T17:32:57","modified_gmt":"2022-07-30T15:32:57","slug":"haarmanndenkmal","status":"publish","type":"page","link":"https:\/\/macke.spdns.de\/?page_id=3520","title":{"rendered":"Haarmanndenkmal"},"content":{"rendered":"\n<p>Scan des Haarmanndenkmals in Holzminden neben der &#8222;Bauschule&#8220;. Leider war das Stativ nicht hoch genug um auch auf dem Sockel zu scannen. Darunter haben sowohl die Sockeloberfl\u00e4che, als auch der rechte Fu\u00df von FL ein wenig gelitten. Auch die Sockelbeschriftung k\u00f6nnte noch mit mehr Scanpunkten, also h\u00f6herer Aufl\u00f6sung verbessert werden.<\/p>\n\n\n\n<p>Das Modell wurde aus 8 Rohscans&nbsp; (1,2 GB) mit Hilfe eines Faro Laserscanners und Faro Scene 2021 erstellt.<\/p>\n\n\n\n<p><\/p>\n\n\n\n<p>Hier ein paar Bilder von Friedrich-Ludwig auf meinem Schreibtisch und in meinem Wohnzimmer mit Hilfe einer Augmented Reality App f\u00fcr Android:<\/p>\n\n\n\n<figure class=\"wp-block-gallery has-nested-images columns-default is-cropped wp-block-gallery-1 is-layout-flex wp-block-gallery-is-layout-flex\">\n<figure class=\"wp-block-image size-large\"><img loading=\"lazy\" decoding=\"async\" width=\"1024\" height=\"575\" data-id=\"3846\" src=\"https:\/\/macke.spdns.de\/wp-content\/uploads\/2021\/09\/image001-1024x575.jpg\" alt=\"\" class=\"wp-image-3846\" srcset=\"https:\/\/macke.spdns.de\/wp-content\/uploads\/2021\/09\/image001-1024x575.jpg 1024w, https:\/\/macke.spdns.de\/wp-content\/uploads\/2021\/09\/image001-300x169.jpg 300w, https:\/\/macke.spdns.de\/wp-content\/uploads\/2021\/09\/image001-150x84.jpg 150w, https:\/\/macke.spdns.de\/wp-content\/uploads\/2021\/09\/image001-768x431.jpg 768w, https:\/\/macke.spdns.de\/wp-content\/uploads\/2021\/09\/image001-1536x863.jpg 1536w, https:\/\/macke.spdns.de\/wp-content\/uploads\/2021\/09\/image001-816x458.jpg 816w, https:\/\/macke.spdns.de\/wp-content\/uploads\/2021\/09\/image001.jpg 1634w\" sizes=\"auto, (max-width: 1024px) 100vw, 1024px\" \/><figcaption>SONY DSC<\/figcaption><\/figure>\n\n\n\n<figure class=\"wp-block-image size-large\"><img loading=\"lazy\" decoding=\"async\" width=\"1024\" height=\"575\" data-id=\"3847\" src=\"https:\/\/macke.spdns.de\/wp-content\/uploads\/2021\/09\/image002-1024x575.jpg\" alt=\"\" class=\"wp-image-3847\" srcset=\"https:\/\/macke.spdns.de\/wp-content\/uploads\/2021\/09\/image002-1024x575.jpg 1024w, https:\/\/macke.spdns.de\/wp-content\/uploads\/2021\/09\/image002-300x169.jpg 300w, https:\/\/macke.spdns.de\/wp-content\/uploads\/2021\/09\/image002-150x84.jpg 150w, https:\/\/macke.spdns.de\/wp-content\/uploads\/2021\/09\/image002-768x431.jpg 768w, https:\/\/macke.spdns.de\/wp-content\/uploads\/2021\/09\/image002-1536x863.jpg 1536w, https:\/\/macke.spdns.de\/wp-content\/uploads\/2021\/09\/image002-816x458.jpg 816w, https:\/\/macke.spdns.de\/wp-content\/uploads\/2021\/09\/image002.jpg 1634w\" sizes=\"auto, (max-width: 1024px) 100vw, 1024px\" \/><figcaption>SONY DSC<\/figcaption><\/figure>\n\n\n\n<figure class=\"wp-block-image size-large\"><img loading=\"lazy\" decoding=\"async\" width=\"1024\" height=\"575\" data-id=\"3848\" src=\"https:\/\/macke.spdns.de\/wp-content\/uploads\/2021\/09\/image003-1024x575.jpg\" alt=\"\" class=\"wp-image-3848\" srcset=\"https:\/\/macke.spdns.de\/wp-content\/uploads\/2021\/09\/image003-1024x575.jpg 1024w, https:\/\/macke.spdns.de\/wp-content\/uploads\/2021\/09\/image003-300x169.jpg 300w, https:\/\/macke.spdns.de\/wp-content\/uploads\/2021\/09\/image003-150x84.jpg 150w, https:\/\/macke.spdns.de\/wp-content\/uploads\/2021\/09\/image003-768x431.jpg 768w, https:\/\/macke.spdns.de\/wp-content\/uploads\/2021\/09\/image003-1536x863.jpg 1536w, https:\/\/macke.spdns.de\/wp-content\/uploads\/2021\/09\/image003-816x458.jpg 816w, https:\/\/macke.spdns.de\/wp-content\/uploads\/2021\/09\/image003.jpg 1634w\" sizes=\"auto, (max-width: 1024px) 100vw, 1024px\" \/><figcaption>SONY DSC<\/figcaption><\/figure>\n\n\n\n<figure class=\"wp-block-image size-large\"><img loading=\"lazy\" decoding=\"async\" width=\"1024\" height=\"575\" data-id=\"3849\" src=\"https:\/\/macke.spdns.de\/wp-content\/uploads\/2021\/09\/image004-1024x575.jpg\" alt=\"\" class=\"wp-image-3849\" srcset=\"https:\/\/macke.spdns.de\/wp-content\/uploads\/2021\/09\/image004-1024x575.jpg 1024w, https:\/\/macke.spdns.de\/wp-content\/uploads\/2021\/09\/image004-300x169.jpg 300w, https:\/\/macke.spdns.de\/wp-content\/uploads\/2021\/09\/image004-150x84.jpg 150w, https:\/\/macke.spdns.de\/wp-content\/uploads\/2021\/09\/image004-768x431.jpg 768w, https:\/\/macke.spdns.de\/wp-content\/uploads\/2021\/09\/image004-1536x863.jpg 1536w, https:\/\/macke.spdns.de\/wp-content\/uploads\/2021\/09\/image004-816x458.jpg 816w, https:\/\/macke.spdns.de\/wp-content\/uploads\/2021\/09\/image004.jpg 1634w\" sizes=\"auto, (max-width: 1024px) 100vw, 1024px\" \/><figcaption>SONY DSC<\/figcaption><\/figure>\n\n\n\n<figure class=\"wp-block-image size-large\"><img loading=\"lazy\" decoding=\"async\" width=\"1024\" height=\"575\" data-id=\"3850\" src=\"https:\/\/macke.spdns.de\/wp-content\/uploads\/2021\/09\/image005-1024x575.jpg\" alt=\"\" class=\"wp-image-3850\" srcset=\"https:\/\/macke.spdns.de\/wp-content\/uploads\/2021\/09\/image005-1024x575.jpg 1024w, https:\/\/macke.spdns.de\/wp-content\/uploads\/2021\/09\/image005-300x169.jpg 300w, https:\/\/macke.spdns.de\/wp-content\/uploads\/2021\/09\/image005-150x84.jpg 150w, https:\/\/macke.spdns.de\/wp-content\/uploads\/2021\/09\/image005-768x431.jpg 768w, https:\/\/macke.spdns.de\/wp-content\/uploads\/2021\/09\/image005-1536x863.jpg 1536w, https:\/\/macke.spdns.de\/wp-content\/uploads\/2021\/09\/image005-816x458.jpg 816w, https:\/\/macke.spdns.de\/wp-content\/uploads\/2021\/09\/image005.jpg 1634w\" sizes=\"auto, (max-width: 1024px) 100vw, 1024px\" \/><figcaption>SONY DSC<\/figcaption><\/figure>\n\n\n\n<figure class=\"wp-block-image size-large\"><img loading=\"lazy\" decoding=\"async\" width=\"1024\" height=\"575\" data-id=\"3851\" src=\"https:\/\/macke.spdns.de\/wp-content\/uploads\/2021\/09\/image006-1024x575.jpg\" alt=\"\" class=\"wp-image-3851\" srcset=\"https:\/\/macke.spdns.de\/wp-content\/uploads\/2021\/09\/image006-1024x575.jpg 1024w, https:\/\/macke.spdns.de\/wp-content\/uploads\/2021\/09\/image006-300x169.jpg 300w, https:\/\/macke.spdns.de\/wp-content\/uploads\/2021\/09\/image006-150x84.jpg 150w, https:\/\/macke.spdns.de\/wp-content\/uploads\/2021\/09\/image006-768x431.jpg 768w, https:\/\/macke.spdns.de\/wp-content\/uploads\/2021\/09\/image006-1536x863.jpg 1536w, https:\/\/macke.spdns.de\/wp-content\/uploads\/2021\/09\/image006-816x458.jpg 816w, https:\/\/macke.spdns.de\/wp-content\/uploads\/2021\/09\/image006.jpg 1634w\" sizes=\"auto, (max-width: 1024px) 100vw, 1024px\" \/><figcaption>SONY DSC<\/figcaption><\/figure>\n\n\n\n<figure class=\"wp-block-image size-large\"><img loading=\"lazy\" decoding=\"async\" width=\"1024\" height=\"575\" data-id=\"3852\" src=\"https:\/\/macke.spdns.de\/wp-content\/uploads\/2021\/09\/image007-1024x575.jpg\" alt=\"\" class=\"wp-image-3852\" srcset=\"https:\/\/macke.spdns.de\/wp-content\/uploads\/2021\/09\/image007-1024x575.jpg 1024w, https:\/\/macke.spdns.de\/wp-content\/uploads\/2021\/09\/image007-300x169.jpg 300w, https:\/\/macke.spdns.de\/wp-content\/uploads\/2021\/09\/image007-150x84.jpg 150w, https:\/\/macke.spdns.de\/wp-content\/uploads\/2021\/09\/image007-768x431.jpg 768w, https:\/\/macke.spdns.de\/wp-content\/uploads\/2021\/09\/image007-1536x863.jpg 1536w, https:\/\/macke.spdns.de\/wp-content\/uploads\/2021\/09\/image007-816x458.jpg 816w, https:\/\/macke.spdns.de\/wp-content\/uploads\/2021\/09\/image007.jpg 1634w\" sizes=\"auto, (max-width: 1024px) 100vw, 1024px\" \/><figcaption>SONY DSC<\/figcaption><\/figure>\n\n\n\n<figure class=\"wp-block-image size-large\"><img loading=\"lazy\" decoding=\"async\" width=\"498\" height=\"1024\" data-id=\"3853\" src=\"https:\/\/macke.spdns.de\/wp-content\/uploads\/2021\/09\/image008-498x1024.jpg\" alt=\"\" class=\"wp-image-3853\" srcset=\"https:\/\/macke.spdns.de\/wp-content\/uploads\/2021\/09\/image008-498x1024.jpg 498w, https:\/\/macke.spdns.de\/wp-content\/uploads\/2021\/09\/image008-146x300.jpg 146w, https:\/\/macke.spdns.de\/wp-content\/uploads\/2021\/09\/image008-73x150.jpg 73w, https:\/\/macke.spdns.de\/wp-content\/uploads\/2021\/09\/image008-768x1579.jpg 768w, https:\/\/macke.spdns.de\/wp-content\/uploads\/2021\/09\/image008-747x1536.jpg 747w, https:\/\/macke.spdns.de\/wp-content\/uploads\/2021\/09\/image008-816x1678.jpg 816w, https:\/\/macke.spdns.de\/wp-content\/uploads\/2021\/09\/image008.jpg 854w\" sizes=\"auto, (max-width: 498px) 100vw, 498px\" \/><\/figure>\n\n\n\n<figure class=\"wp-block-image size-large\"><img loading=\"lazy\" decoding=\"async\" width=\"498\" height=\"1024\" data-id=\"3854\" src=\"https:\/\/macke.spdns.de\/wp-content\/uploads\/2021\/09\/image009-498x1024.jpg\" alt=\"\" class=\"wp-image-3854\" srcset=\"https:\/\/macke.spdns.de\/wp-content\/uploads\/2021\/09\/image009-498x1024.jpg 498w, https:\/\/macke.spdns.de\/wp-content\/uploads\/2021\/09\/image009-146x300.jpg 146w, https:\/\/macke.spdns.de\/wp-content\/uploads\/2021\/09\/image009-73x150.jpg 73w, https:\/\/macke.spdns.de\/wp-content\/uploads\/2021\/09\/image009-768x1579.jpg 768w, https:\/\/macke.spdns.de\/wp-content\/uploads\/2021\/09\/image009-747x1536.jpg 747w, https:\/\/macke.spdns.de\/wp-content\/uploads\/2021\/09\/image009-816x1678.jpg 816w, https:\/\/macke.spdns.de\/wp-content\/uploads\/2021\/09\/image009.jpg 854w\" sizes=\"auto, (max-width: 498px) 100vw, 498px\" \/><\/figure>\n\n\n\n<figure class=\"wp-block-image size-large\"><img loading=\"lazy\" decoding=\"async\" width=\"498\" height=\"1024\" data-id=\"3855\" src=\"https:\/\/macke.spdns.de\/wp-content\/uploads\/2021\/09\/image010-498x1024.jpg\" alt=\"\" class=\"wp-image-3855\" srcset=\"https:\/\/macke.spdns.de\/wp-content\/uploads\/2021\/09\/image010-498x1024.jpg 498w, https:\/\/macke.spdns.de\/wp-content\/uploads\/2021\/09\/image010-146x300.jpg 146w, https:\/\/macke.spdns.de\/wp-content\/uploads\/2021\/09\/image010-73x150.jpg 73w, https:\/\/macke.spdns.de\/wp-content\/uploads\/2021\/09\/image010-768x1579.jpg 768w, https:\/\/macke.spdns.de\/wp-content\/uploads\/2021\/09\/image010-747x1536.jpg 747w, https:\/\/macke.spdns.de\/wp-content\/uploads\/2021\/09\/image010-816x1678.jpg 816w, https:\/\/macke.spdns.de\/wp-content\/uploads\/2021\/09\/image010.jpg 854w\" sizes=\"auto, (max-width: 498px) 100vw, 498px\" \/><\/figure>\n\n\n\n<figure class=\"wp-block-image size-large\"><img loading=\"lazy\" decoding=\"async\" width=\"498\" height=\"1024\" data-id=\"3856\" src=\"https:\/\/macke.spdns.de\/wp-content\/uploads\/2021\/09\/image011-498x1024.jpg\" alt=\"\" class=\"wp-image-3856\" srcset=\"https:\/\/macke.spdns.de\/wp-content\/uploads\/2021\/09\/image011-498x1024.jpg 498w, https:\/\/macke.spdns.de\/wp-content\/uploads\/2021\/09\/image011-146x300.jpg 146w, https:\/\/macke.spdns.de\/wp-content\/uploads\/2021\/09\/image011-73x150.jpg 73w, https:\/\/macke.spdns.de\/wp-content\/uploads\/2021\/09\/image011-768x1579.jpg 768w, https:\/\/macke.spdns.de\/wp-content\/uploads\/2021\/09\/image011-747x1536.jpg 747w, https:\/\/macke.spdns.de\/wp-content\/uploads\/2021\/09\/image011-816x1678.jpg 816w, https:\/\/macke.spdns.de\/wp-content\/uploads\/2021\/09\/image011.jpg 854w\" sizes=\"auto, (max-width: 498px) 100vw, 498px\" \/><\/figure>\n<\/figure>\n\n\n","protected":false},"excerpt":{"rendered":"<p>Scan des Haarmanndenkmals in Holzminden neben der &#8222;Bauschule&#8220;. Leider war das Stativ nicht hoch genug um auch auf dem Sockel zu scannen. Darunter haben sowohl die Sockeloberfl\u00e4che, als auch der rechte Fu\u00df von FL ein wenig gelitten. Auch die Sockelbeschriftung k\u00f6nnte noch mit mehr Scanpunkten, also h\u00f6herer Aufl\u00f6sung verbessert werden. Das Modell wurde aus 8 [&hellip;]<\/p>\n","protected":false},"author":1,"featured_media":0,"parent":2080,"menu_order":0,"comment_status":"closed","ping_status":"closed","template":"","meta":{"footnotes":""},"class_list":["post-3520","page","type-page","status-publish","hentry"],"_links":{"self":[{"href":"https:\/\/macke.spdns.de\/index.php?rest_route=\/wp\/v2\/pages\/3520","targetHints":{"allow":["GET"]}}],"collection":[{"href":"https:\/\/macke.spdns.de\/index.php?rest_route=\/wp\/v2\/pages"}],"about":[{"href":"https:\/\/macke.spdns.de\/index.php?rest_route=\/wp\/v2\/types\/page"}],"author":[{"embeddable":true,"href":"https:\/\/macke.spdns.de\/index.php?rest_route=\/wp\/v2\/users\/1"}],"replies":[{"embeddable":true,"href":"https:\/\/macke.spdns.de\/index.php?rest_route=%2Fwp%2Fv2%2Fcomments&post=3520"}],"version-history":[{"count":0,"href":"https:\/\/macke.spdns.de\/index.php?rest_route=\/wp\/v2\/pages\/3520\/revisions"}],"up":[{"embeddable":true,"href":"https:\/\/macke.spdns.de\/index.php?rest_route=\/wp\/v2\/pages\/2080"}],"wp:attachment":[{"href":"https:\/\/macke.spdns.de\/index.php?rest_route=%2Fwp%2Fv2%2Fmedia&parent=3520"}],"curies":[{"name":"wp","href":"https:\/\/api.w.org\/{rel}","templated":true}]}}