{"id":2809,"date":"2020-06-19T19:33:16","date_gmt":"2020-06-19T17:33:16","guid":{"rendered":"https:\/\/macke.spdns.de\/?page_id=2809"},"modified":"2023-03-23T22:21:28","modified_gmt":"2023-03-23T21:21:28","slug":"karten-und-tracks","status":"publish","type":"page","link":"https:\/\/macke.spdns.de\/?page_id=2809","title":{"rendered":"Danke"},"content":{"rendered":"<p>Um die Karten und Tracks auf diesen Seiten darstellen zu k\u00f6nnen, verwende ich die folgende Software:<\/p>\n<ul>\n<li class=\"plugin-title\">Trackserver: Ein Plugin f\u00fcr WordPress von\u00a0<span class=\"byline\"> <span class=\"author vcard\"><a class=\"url fn n\" href=\"http:\/\/www.grendelman.net\/\" rel=\"nofollow\">Martijn Grendelman<\/a> f\u00fcr den Upload, die Speicherung und die Anzeige der Tracks<\/span><\/span><\/li>\n<li class=\"qQKdcc\">TrackMe: Ein GPS Tracker f\u00fcr Android von<span class=\"T32cc UAO9ie\"> <a class=\"hrTbp R8zArc\" href=\"http:\/\/luisespinosa.com\/central_eng.php\">Luis Espinosa<\/a> um mein Handy zu tracken und die Daten Online zu meinem Server hochzuladen<\/span><\/li>\n<li><a href=\"https:\/\/osmand.net\/de\/\">OSMAND:<\/a> Eine Android App f\u00fcr Tracking und Navigation (Auto, Fahrrad, Fu\u00dfg\u00e4nger&#8230;) und Kartenverwaltung<\/li>\n<li><a href=\"https:\/\/www.openstreetmap.org\">OpenStreetMap<\/a>: eine freie Weltkarte die gemeinschaftlich gepflegt und erg\u00e4nzt wird<\/li>\n<li><a href=\"https:\/\/ubuntu.com\/\">Ubuntu<\/a> als Serverbetriebssystem<\/li>\n<li><a href=\"https:\/\/httpd.apache.org\/\">Apache<\/a> als Webserver<\/li>\n<li><a href=\"https:\/\/de.wordpress.com\/\">WordPress<\/a> als Content Managementsystem<\/li>\n<li><a class=\"post-link\" href=\"https:\/\/letsencrypt.org\/2020\/02\/27\/one-billion-certs.html\" hreflang=\"en-US\">Let&#8217;s Encrypt:<\/a> Zertifizierungsstelle f\u00fcr die X.509-Zertifikate f\u00fcr Transport Layer Security (TLS)<\/li>\n<li><a href=\"https:\/\/www.securepoint.de\/\">Securepoint GmbH<\/a>: Dynamischer Domain Name System Eintrag<\/li>\n<li>etc. etc. etc.<\/li>\n<\/ul>\n<p>Deshalb an dieser Stelle einen herzlichen Dank an alle &#8222;Mitwirkenden&#8220; ohne deren kostenlose oder fast kostenlose Arbeit diese Seiten nicht m\u00f6glich gewesen w\u00e4ren.<\/p>\n<p>p.s. Hier und da gibt es ja auch etwas zur\u00fcck \ud83d\ude09<\/p>\n<p>Zum Beispiel: 76 \u00c4nderungen und\u00a0 Erg\u00e4nzungen f\u00fcr OpenStreetMap<\/p>\n<p><a href=\"https:\/\/macke.spdns.de\/wp-content\/uploads\/2020\/06\/osmbild.jpg\"><img loading=\"lazy\" decoding=\"async\" class=\"alignnone size-medium wp-image-2811\" src=\"https:\/\/macke.spdns.de\/wp-content\/uploads\/2020\/06\/osmbild-300x150.jpg\" alt=\"\" width=\"300\" height=\"150\" srcset=\"https:\/\/macke.spdns.de\/wp-content\/uploads\/2020\/06\/osmbild-300x150.jpg 300w, https:\/\/macke.spdns.de\/wp-content\/uploads\/2020\/06\/osmbild-1024x511.jpg 1024w, https:\/\/macke.spdns.de\/wp-content\/uploads\/2020\/06\/osmbild-150x75.jpg 150w, https:\/\/macke.spdns.de\/wp-content\/uploads\/2020\/06\/osmbild-768x383.jpg 768w, https:\/\/macke.spdns.de\/wp-content\/uploads\/2020\/06\/osmbild-1536x767.jpg 1536w, https:\/\/macke.spdns.de\/wp-content\/uploads\/2020\/06\/osmbild-816x407.jpg 816w, https:\/\/macke.spdns.de\/wp-content\/uploads\/2020\/06\/osmbild-400x200.jpg 400w, https:\/\/macke.spdns.de\/wp-content\/uploads\/2020\/06\/osmbild.jpg 1913w\" sizes=\"auto, (max-width: 300px) 100vw, 300px\" \/><\/a><\/p>\n<p><a href=\"https:\/\/macke.spdns.de\/?page_id=963\">Seti<\/a>@home und <a href=\"https:\/\/macke.spdns.de\/?page_id=2669\">Folding@home<\/a><\/p>\n","protected":false},"excerpt":{"rendered":"<p>Um die Karten und Tracks auf diesen Seiten darstellen zu k\u00f6nnen, verwende ich die folgende Software: Trackserver: Ein Plugin f\u00fcr WordPress von\u00a0 Martijn Grendelman f\u00fcr den Upload, die Speicherung und die Anzeige der Tracks TrackMe: Ein GPS Tracker f\u00fcr Android von Luis Espinosa um mein Handy zu tracken und die Daten Online zu meinem Server [&hellip;]<\/p>\n","protected":false},"author":1,"featured_media":0,"parent":0,"menu_order":0,"comment_status":"closed","ping_status":"closed","template":"","meta":{"footnotes":""},"class_list":["post-2809","page","type-page","status-publish","hentry"],"_links":{"self":[{"href":"https:\/\/macke.spdns.de\/index.php?rest_route=\/wp\/v2\/pages\/2809","targetHints":{"allow":["GET"]}}],"collection":[{"href":"https:\/\/macke.spdns.de\/index.php?rest_route=\/wp\/v2\/pages"}],"about":[{"href":"https:\/\/macke.spdns.de\/index.php?rest_route=\/wp\/v2\/types\/page"}],"author":[{"embeddable":true,"href":"https:\/\/macke.spdns.de\/index.php?rest_route=\/wp\/v2\/users\/1"}],"replies":[{"embeddable":true,"href":"https:\/\/macke.spdns.de\/index.php?rest_route=%2Fwp%2Fv2%2Fcomments&post=2809"}],"version-history":[{"count":0,"href":"https:\/\/macke.spdns.de\/index.php?rest_route=\/wp\/v2\/pages\/2809\/revisions"}],"wp:attachment":[{"href":"https:\/\/macke.spdns.de\/index.php?rest_route=%2Fwp%2Fv2%2Fmedia&parent=2809"}],"curies":[{"name":"wp","href":"https:\/\/api.w.org\/{rel}","templated":true}]}}