{"id":2669,"date":"2020-04-28T19:39:43","date_gmt":"2020-04-28T17:39:43","guid":{"rendered":"https:\/\/macke.spdns.de\/?page_id=2669"},"modified":"2020-04-28T19:46:16","modified_gmt":"2020-04-28T17:46:16","slug":"folding-at-home","status":"publish","type":"page","link":"https:\/\/macke.spdns.de\/?page_id=2669","title":{"rendered":"Folding at Home"},"content":{"rendered":"<p><a href=\"https:\/\/foldingathome.org\/\">Folding at Home<\/a> (F@H oder FAH )ist ein Projekt der Stanford University zur Erforschung von Krankheiten. Dabei wird die Struktur von Proteinen durch Simulationen erforscht. Die dabei gewonnenen Daten k\u00f6nnen zur Bek\u00e4mpfung von Krankheiten genutzt werden. Aktuell wird auch zu <a href=\"https:\/\/foldingathome.org\/covid19\/\">Covid19<\/a> geforscht.<\/p>\n<p>Seit SETI@Home angek\u00fcndigt hat, dass aufgrund der gro\u00dfen bereits berechneten Datenmengen weitere Berechnungen nicht sinnvoll seien und deshalb keine neuen Rechenpakete mehr ausgegeben werden, habe ich mich entschieden meine ungenutzten Rechenkapazit\u00e4ten F@H zur Verf\u00fcgung zu stellen.<\/p>\n<p>Hier meine bisherigen Statistiken:<\/p>\n<p style=\"text-align: left;\"><iframe loading=\"lazy\" src=\"https:\/\/stats.foldingathome.org\/donor\/70162524\" width=\"600\" height=\"800\"><span style=\"display: inline-block; width: 0px; overflow: hidden; line-height: 0;\" data-mce-type=\"bookmark\" class=\"mce_SELRES_start\">\ufeff<\/span><\/iframe><\/p>\n","protected":false},"excerpt":{"rendered":"<p>Folding at Home (F@H oder FAH )ist ein Projekt der Stanford University zur Erforschung von Krankheiten. Dabei wird die Struktur von Proteinen durch Simulationen erforscht. Die dabei gewonnenen Daten k\u00f6nnen zur Bek\u00e4mpfung von Krankheiten genutzt werden. Aktuell wird auch zu Covid19 geforscht. Seit SETI@Home angek\u00fcndigt hat, dass aufgrund der gro\u00dfen bereits berechneten Datenmengen weitere Berechnungen [&hellip;]<\/p>\n","protected":false},"author":1,"featured_media":0,"parent":0,"menu_order":0,"comment_status":"closed","ping_status":"closed","template":"","meta":{"footnotes":""},"class_list":["post-2669","page","type-page","status-publish","hentry"],"_links":{"self":[{"href":"https:\/\/macke.spdns.de\/index.php?rest_route=\/wp\/v2\/pages\/2669","targetHints":{"allow":["GET"]}}],"collection":[{"href":"https:\/\/macke.spdns.de\/index.php?rest_route=\/wp\/v2\/pages"}],"about":[{"href":"https:\/\/macke.spdns.de\/index.php?rest_route=\/wp\/v2\/types\/page"}],"author":[{"embeddable":true,"href":"https:\/\/macke.spdns.de\/index.php?rest_route=\/wp\/v2\/users\/1"}],"replies":[{"embeddable":true,"href":"https:\/\/macke.spdns.de\/index.php?rest_route=%2Fwp%2Fv2%2Fcomments&post=2669"}],"version-history":[{"count":0,"href":"https:\/\/macke.spdns.de\/index.php?rest_route=\/wp\/v2\/pages\/2669\/revisions"}],"wp:attachment":[{"href":"https:\/\/macke.spdns.de\/index.php?rest_route=%2Fwp%2Fv2%2Fmedia&parent=2669"}],"curies":[{"name":"wp","href":"https:\/\/api.w.org\/{rel}","templated":true}]}}