{"id":2386,"date":"2019-11-09T20:10:22","date_gmt":"2019-11-09T19:10:22","guid":{"rendered":"https:\/\/macke.spdns.de\/?page_id=2386"},"modified":"2022-08-01T11:56:55","modified_gmt":"2022-08-01T09:56:55","slug":"structure-from-motion-sfm-an-der-zinskornscheune-ebstorf","status":"publish","type":"page","link":"https:\/\/macke.spdns.de\/?page_id=2386","title":{"rendered":"SfM an der Zinskornscheune Ebstorf"},"content":{"rendered":"<p>Nachdem die Versuche mit dem <a href=\"https:\/\/macke.spdns.de\/?page_id=2259\">Betonb\u00e4r<\/a> nicht so richtig zufriedenstellend und dem <a href=\"https:\/\/macke.spdns.de\/?page_id=2314\">kleinen Kunststoffteil<\/a> f\u00fcr Lars\u00a0 eher entt\u00e4uschend verliefen, habe ich einen weiteren Versuch gestartet.<\/p>\n<p>Um eine studentische Arbeit vorzubereiten haben Kollegen und ich die Zinskornscheune in Ebstorf besucht. Unser besonderes Interesse galt dabei dem Schmuckgiebel und seinen Verformungen. Dabei wurden\u00a0 ohnehin viele Fotos gemacht und ich habe ich mir von den Kollegen sp\u00e4ter deren Bilder kopiert und aus denen und eigenen (insgesamt etwa 200 Fotos) die folgende 3D-Punktwolke berechnet. Dabei kamen die freien Programme Regard 3D und CloudCompare zum Einsatz.<\/p>\n<p>Dieses Mal war das Ergebnis \u00fcberraschend gut. Sogar die Skalierung der Punktwolke ist mir gelungen, so dass jetzt Ma\u00dfe aus der Punktwolke abgegriffen werden k\u00f6nnen. Vielleicht liegt das auch an der Gr\u00f6\u00dfe des Objekts. Zumindest bei den drei Objekten ist festzustellen, dass die Qualit\u00e4t der Ergebnisse mit der Gr\u00f6\u00dfe der Objekte zunimmt. Die Rechenzeit betrug zwei N\u00e4chte mit einem durchschnittlichen Desktop PC. Ich vermute allerdings, dass der Rechner nicht die ganze Zeit wirklich gerechnet hat, aber ich habe die Berechnungen abends gestartet und erst morgens wieder geguckt.<\/p>\n<p><a href=\"https:\/\/macke.spdns.de\/wp-content\/uploads\/2019\/11\/Ebstorf9.jpg\"><img loading=\"lazy\" decoding=\"async\" class=\"alignnone size-medium wp-image-2385\" src=\"https:\/\/macke.spdns.de\/wp-content\/uploads\/2019\/11\/Ebstorf9-300x163.jpg\" alt=\"\" width=\"300\" height=\"163\" srcset=\"https:\/\/macke.spdns.de\/wp-content\/uploads\/2019\/11\/Ebstorf9-300x163.jpg 300w, https:\/\/macke.spdns.de\/wp-content\/uploads\/2019\/11\/Ebstorf9-150x82.jpg 150w, https:\/\/macke.spdns.de\/wp-content\/uploads\/2019\/11\/Ebstorf9-768x418.jpg 768w, https:\/\/macke.spdns.de\/wp-content\/uploads\/2019\/11\/Ebstorf9-1024x557.jpg 1024w, https:\/\/macke.spdns.de\/wp-content\/uploads\/2019\/11\/Ebstorf9-816x444.jpg 816w\" sizes=\"auto, (max-width: 300px) 100vw, 300px\" \/><\/a> <a href=\"https:\/\/macke.spdns.de\/wp-content\/uploads\/2019\/11\/Ebstorf8.jpg\"><img loading=\"lazy\" decoding=\"async\" class=\"alignnone size-medium wp-image-2384\" src=\"https:\/\/macke.spdns.de\/wp-content\/uploads\/2019\/11\/Ebstorf8-300x163.jpg\" alt=\"\" width=\"300\" height=\"163\" srcset=\"https:\/\/macke.spdns.de\/wp-content\/uploads\/2019\/11\/Ebstorf8-300x163.jpg 300w, https:\/\/macke.spdns.de\/wp-content\/uploads\/2019\/11\/Ebstorf8-150x82.jpg 150w, https:\/\/macke.spdns.de\/wp-content\/uploads\/2019\/11\/Ebstorf8-768x418.jpg 768w, https:\/\/macke.spdns.de\/wp-content\/uploads\/2019\/11\/Ebstorf8-1024x557.jpg 1024w, https:\/\/macke.spdns.de\/wp-content\/uploads\/2019\/11\/Ebstorf8-816x444.jpg 816w, https:\/\/macke.spdns.de\/wp-content\/uploads\/2019\/11\/Ebstorf8.jpg 1488w\" sizes=\"auto, (max-width: 300px) 100vw, 300px\" \/><\/a> <a href=\"https:\/\/macke.spdns.de\/wp-content\/uploads\/2019\/11\/Ebstorf7.jpg\"><img loading=\"lazy\" decoding=\"async\" class=\"alignnone size-medium wp-image-2383\" src=\"https:\/\/macke.spdns.de\/wp-content\/uploads\/2019\/11\/Ebstorf7-300x163.jpg\" alt=\"\" width=\"300\" height=\"163\" srcset=\"https:\/\/macke.spdns.de\/wp-content\/uploads\/2019\/11\/Ebstorf7-300x163.jpg 300w, https:\/\/macke.spdns.de\/wp-content\/uploads\/2019\/11\/Ebstorf7-150x82.jpg 150w, https:\/\/macke.spdns.de\/wp-content\/uploads\/2019\/11\/Ebstorf7-768x418.jpg 768w, https:\/\/macke.spdns.de\/wp-content\/uploads\/2019\/11\/Ebstorf7-1024x557.jpg 1024w, https:\/\/macke.spdns.de\/wp-content\/uploads\/2019\/11\/Ebstorf7-816x444.jpg 816w, https:\/\/macke.spdns.de\/wp-content\/uploads\/2019\/11\/Ebstorf7.jpg 1488w\" sizes=\"auto, (max-width: 300px) 100vw, 300px\" \/><\/a> <a href=\"https:\/\/macke.spdns.de\/wp-content\/uploads\/2019\/11\/Ebstorf6.jpg\"><img loading=\"lazy\" decoding=\"async\" class=\"alignnone size-medium wp-image-2382\" src=\"https:\/\/macke.spdns.de\/wp-content\/uploads\/2019\/11\/Ebstorf6-300x163.jpg\" alt=\"\" width=\"300\" height=\"163\" srcset=\"https:\/\/macke.spdns.de\/wp-content\/uploads\/2019\/11\/Ebstorf6-300x163.jpg 300w, https:\/\/macke.spdns.de\/wp-content\/uploads\/2019\/11\/Ebstorf6-150x82.jpg 150w, https:\/\/macke.spdns.de\/wp-content\/uploads\/2019\/11\/Ebstorf6-768x418.jpg 768w, https:\/\/macke.spdns.de\/wp-content\/uploads\/2019\/11\/Ebstorf6-1024x557.jpg 1024w, https:\/\/macke.spdns.de\/wp-content\/uploads\/2019\/11\/Ebstorf6-816x444.jpg 816w, https:\/\/macke.spdns.de\/wp-content\/uploads\/2019\/11\/Ebstorf6.jpg 1488w\" sizes=\"auto, (max-width: 300px) 100vw, 300px\" \/><\/a> <a href=\"https:\/\/macke.spdns.de\/wp-content\/uploads\/2019\/11\/Ebstorf4.jpg\"><img loading=\"lazy\" decoding=\"async\" class=\"alignnone size-medium wp-image-2380\" src=\"https:\/\/macke.spdns.de\/wp-content\/uploads\/2019\/11\/Ebstorf4-300x163.jpg\" alt=\"\" width=\"300\" height=\"163\" srcset=\"https:\/\/macke.spdns.de\/wp-content\/uploads\/2019\/11\/Ebstorf4-300x163.jpg 300w, https:\/\/macke.spdns.de\/wp-content\/uploads\/2019\/11\/Ebstorf4-150x82.jpg 150w, https:\/\/macke.spdns.de\/wp-content\/uploads\/2019\/11\/Ebstorf4-768x418.jpg 768w, https:\/\/macke.spdns.de\/wp-content\/uploads\/2019\/11\/Ebstorf4-1024x557.jpg 1024w, https:\/\/macke.spdns.de\/wp-content\/uploads\/2019\/11\/Ebstorf4-816x444.jpg 816w, https:\/\/macke.spdns.de\/wp-content\/uploads\/2019\/11\/Ebstorf4.jpg 1488w\" sizes=\"auto, (max-width: 300px) 100vw, 300px\" \/><\/a> <a href=\"https:\/\/macke.spdns.de\/wp-content\/uploads\/2019\/11\/Ebstorf5.jpg\"><img loading=\"lazy\" decoding=\"async\" class=\"alignnone size-medium wp-image-2381\" src=\"https:\/\/macke.spdns.de\/wp-content\/uploads\/2019\/11\/Ebstorf5-300x163.jpg\" alt=\"\" width=\"300\" height=\"163\" srcset=\"https:\/\/macke.spdns.de\/wp-content\/uploads\/2019\/11\/Ebstorf5-300x163.jpg 300w, https:\/\/macke.spdns.de\/wp-content\/uploads\/2019\/11\/Ebstorf5-150x82.jpg 150w, https:\/\/macke.spdns.de\/wp-content\/uploads\/2019\/11\/Ebstorf5-768x418.jpg 768w, https:\/\/macke.spdns.de\/wp-content\/uploads\/2019\/11\/Ebstorf5-1024x557.jpg 1024w, https:\/\/macke.spdns.de\/wp-content\/uploads\/2019\/11\/Ebstorf5-816x444.jpg 816w, https:\/\/macke.spdns.de\/wp-content\/uploads\/2019\/11\/Ebstorf5.jpg 1488w\" sizes=\"auto, (max-width: 300px) 100vw, 300px\" \/><\/a> <a href=\"https:\/\/macke.spdns.de\/wp-content\/uploads\/2019\/11\/Ebstorf2.jpg\"><img loading=\"lazy\" decoding=\"async\" class=\"alignnone size-medium wp-image-2378\" src=\"https:\/\/macke.spdns.de\/wp-content\/uploads\/2019\/11\/Ebstorf2-300x155.jpg\" alt=\"\" width=\"300\" height=\"155\" srcset=\"https:\/\/macke.spdns.de\/wp-content\/uploads\/2019\/11\/Ebstorf2-300x155.jpg 300w, https:\/\/macke.spdns.de\/wp-content\/uploads\/2019\/11\/Ebstorf2-150x77.jpg 150w, https:\/\/macke.spdns.de\/wp-content\/uploads\/2019\/11\/Ebstorf2-768x396.jpg 768w, https:\/\/macke.spdns.de\/wp-content\/uploads\/2019\/11\/Ebstorf2-1024x528.jpg 1024w, https:\/\/macke.spdns.de\/wp-content\/uploads\/2019\/11\/Ebstorf2-816x420.jpg 816w, https:\/\/macke.spdns.de\/wp-content\/uploads\/2019\/11\/Ebstorf2.jpg 1572w\" sizes=\"auto, (max-width: 300px) 100vw, 300px\" \/><\/a> <a href=\"https:\/\/macke.spdns.de\/wp-content\/uploads\/2019\/11\/Ebstorf3.jpg\"><img loading=\"lazy\" decoding=\"async\" class=\"alignnone size-medium wp-image-2379\" src=\"https:\/\/macke.spdns.de\/wp-content\/uploads\/2019\/11\/Ebstorf3-300x155.jpg\" alt=\"\" width=\"300\" height=\"155\" srcset=\"https:\/\/macke.spdns.de\/wp-content\/uploads\/2019\/11\/Ebstorf3-300x155.jpg 300w, https:\/\/macke.spdns.de\/wp-content\/uploads\/2019\/11\/Ebstorf3-150x77.jpg 150w, https:\/\/macke.spdns.de\/wp-content\/uploads\/2019\/11\/Ebstorf3-768x396.jpg 768w, https:\/\/macke.spdns.de\/wp-content\/uploads\/2019\/11\/Ebstorf3-1024x528.jpg 1024w, https:\/\/macke.spdns.de\/wp-content\/uploads\/2019\/11\/Ebstorf3-816x420.jpg 816w, https:\/\/macke.spdns.de\/wp-content\/uploads\/2019\/11\/Ebstorf3.jpg 1572w\" sizes=\"auto, (max-width: 300px) 100vw, 300px\" \/><\/a> <a href=\"https:\/\/macke.spdns.de\/wp-content\/uploads\/2019\/11\/Ebstorf1.jpg\"><img loading=\"lazy\" decoding=\"async\" class=\"alignnone size-medium wp-image-2377\" src=\"https:\/\/macke.spdns.de\/wp-content\/uploads\/2019\/11\/Ebstorf1-300x155.jpg\" alt=\"\" width=\"300\" height=\"155\" srcset=\"https:\/\/macke.spdns.de\/wp-content\/uploads\/2019\/11\/Ebstorf1-300x155.jpg 300w, https:\/\/macke.spdns.de\/wp-content\/uploads\/2019\/11\/Ebstorf1-150x77.jpg 150w, https:\/\/macke.spdns.de\/wp-content\/uploads\/2019\/11\/Ebstorf1-768x396.jpg 768w, https:\/\/macke.spdns.de\/wp-content\/uploads\/2019\/11\/Ebstorf1-1024x528.jpg 1024w, https:\/\/macke.spdns.de\/wp-content\/uploads\/2019\/11\/Ebstorf1-816x420.jpg 816w, https:\/\/macke.spdns.de\/wp-content\/uploads\/2019\/11\/Ebstorf1.jpg 1572w\" sizes=\"auto, (max-width: 300px) 100vw, 300px\" \/><\/a><\/p>\n<p>Hier sind nur Bilder wiedergegeben. Mit der entsprechenden Software kann die Punktwolke nat\u00fcrlich gedreht oder gezoomt werden.<\/p>\n<p>Mit dem neuen Plugin geht das jetzt auch hier. Zu bedenken ist, dass die Ursprungsfotos mit drei oder vier verschiedenen Kameras und ausschlie\u00dflich vom Boden gemacht wurden. Ich denke, daf\u00fcr kann sich das Ergebnis sehen lassen. Die Ladezeit ist etwas lang, was an meiner Internetverbindung liegt.<\/p>\n<div class=\"shortcode\">\r\n        <div class=\"modelViewerBlock\" data-attributes='{&quot;align&quot;:&quot;center&quot;,&quot;uniqueId&quot;:&quot;model4465&quot;,&quot;multiple&quot;:false,&quot;model&quot;:{&quot;modelUrl&quot;:&quot;https:\\\/\\\/macke.spdns.de\\\/wp-content\\\/uploads\\\/2022\\\/08\\\/Ebstorf4-1.glb&quot;,&quot;poster&quot;:&quot;&quot;},&quot;models&quot;:[],&quot;lazyLoad&quot;:false,&quot;autoplay&quot;:false,&quot;shadow&quot;:true,&quot;autoRotate&quot;:true,&quot;zoom&quot;:true,&quot;isPagination&quot;:false,&quot;isNavigation&quot;:true,&quot;preload&quot;:&quot;auto&quot;,&quot;rotationPerSecond&quot;:&quot;30&quot;,&quot;mouseControl&quot;:true,&quot;fullscreen&quot;:true,&quot;variant&quot;:false,&quot;loadingPercentage&quot;:false,&quot;progressBar&quot;:true,&quot;rotate&quot;:false,&quot;rotateAlongX&quot;:&quot;0&quot;,&quot;rotateAlongY&quot;:&quot;75&quot;,&quot;exposure&quot;:1,&quot;styles&quot;:{&quot;width&quot;:&quot;100%&quot;,&quot;height&quot;:&quot;320px&quot;,&quot;bgColor&quot;:&quot;transparent&quot;,&quot;progressBarColor&quot;:&quot;&quot;},&quot;stylesheet&quot;:null,&quot;additional&quot;:{&quot;ID&quot;:&quot;&quot;,&quot;Class&quot;:&quot;&quot;,&quot;CSS&quot;:&quot;&quot;},&quot;animation&quot;:false,&quot;woo&quot;:false,&quot;selectedAnimation&quot;:&quot;&quot;}'><\/div>\r\n\r\n        <\/div>\n","protected":false},"excerpt":{"rendered":"<p>Nachdem die Versuche mit dem Betonb\u00e4r nicht so richtig zufriedenstellend und dem kleinen Kunststoffteil f\u00fcr Lars\u00a0 eher entt\u00e4uschend verliefen, habe ich einen weiteren Versuch gestartet. Um eine studentische Arbeit vorzubereiten haben Kollegen und ich die Zinskornscheune in Ebstorf besucht. Unser besonderes Interesse galt dabei dem Schmuckgiebel und seinen Verformungen. Dabei wurden\u00a0 ohnehin viele Fotos gemacht [&hellip;]<\/p>\n","protected":false},"author":1,"featured_media":0,"parent":2080,"menu_order":0,"comment_status":"closed","ping_status":"closed","template":"","meta":{"footnotes":""},"class_list":["post-2386","page","type-page","status-publish","hentry"],"_links":{"self":[{"href":"https:\/\/macke.spdns.de\/index.php?rest_route=\/wp\/v2\/pages\/2386","targetHints":{"allow":["GET"]}}],"collection":[{"href":"https:\/\/macke.spdns.de\/index.php?rest_route=\/wp\/v2\/pages"}],"about":[{"href":"https:\/\/macke.spdns.de\/index.php?rest_route=\/wp\/v2\/types\/page"}],"author":[{"embeddable":true,"href":"https:\/\/macke.spdns.de\/index.php?rest_route=\/wp\/v2\/users\/1"}],"replies":[{"embeddable":true,"href":"https:\/\/macke.spdns.de\/index.php?rest_route=%2Fwp%2Fv2%2Fcomments&post=2386"}],"version-history":[{"count":0,"href":"https:\/\/macke.spdns.de\/index.php?rest_route=\/wp\/v2\/pages\/2386\/revisions"}],"up":[{"embeddable":true,"href":"https:\/\/macke.spdns.de\/index.php?rest_route=\/wp\/v2\/pages\/2080"}],"wp:attachment":[{"href":"https:\/\/macke.spdns.de\/index.php?rest_route=%2Fwp%2Fv2%2Fmedia&parent=2386"}],"curies":[{"name":"wp","href":"https:\/\/api.w.org\/{rel}","templated":true}]}}