{"id":2314,"date":"2019-10-16T14:52:33","date_gmt":"2019-10-16T12:52:33","guid":{"rendered":"https:\/\/macke.spdns.de\/?page_id=2314"},"modified":"2022-07-16T09:09:07","modified_gmt":"2022-07-16T07:09:07","slug":"ein-kleines-bauteil","status":"publish","type":"page","link":"https:\/\/macke.spdns.de\/?page_id=2314","title":{"rendered":"Ein kleines Kunststoffteil"},"content":{"rendered":"<p>F\u00fcr einen 3D Nachdruck wollte ich gerne ein Kunststoffteil in&nbsp; 3D erfassen und dann drucken.<\/p>\n<p>So sieht das Original aus:<\/p>\n<p><a href=\"https:\/\/macke.spdns.de\/wp-content\/uploads\/2019\/10\/P1040132.jpg\"><img loading=\"lazy\" decoding=\"async\" class=\"alignnone size-medium wp-image-2315\" src=\"https:\/\/macke.spdns.de\/wp-content\/uploads\/2019\/10\/P1040132-300x169.jpg\" alt=\"\" width=\"300\" height=\"169\" srcset=\"https:\/\/macke.spdns.de\/wp-content\/uploads\/2019\/10\/P1040132-300x169.jpg 300w, https:\/\/macke.spdns.de\/wp-content\/uploads\/2019\/10\/P1040132-150x84.jpg 150w, https:\/\/macke.spdns.de\/wp-content\/uploads\/2019\/10\/P1040132-768x432.jpg 768w, https:\/\/macke.spdns.de\/wp-content\/uploads\/2019\/10\/P1040132-1024x576.jpg 1024w, https:\/\/macke.spdns.de\/wp-content\/uploads\/2019\/10\/P1040132-816x459.jpg 816w\" sizes=\"auto, (max-width: 300px) 100vw, 300px\" \/><\/a><\/p>\n<p>Leider war die Erstellung des 3D-Modells mittels Structure from Motion (SfM) nicht so erfolgreich. Hier ein paar Beispiele mit unterschiedlichen Einstellungen:<\/p>\n<p><a href=\"https:\/\/macke.spdns.de\/wp-content\/uploads\/2019\/10\/capture3.jpg\"><img loading=\"lazy\" decoding=\"async\" class=\"alignnone size-medium wp-image-2319\" src=\"https:\/\/macke.spdns.de\/wp-content\/uploads\/2019\/10\/capture3-300x155.jpg\" alt=\"\" width=\"300\" height=\"155\" srcset=\"https:\/\/macke.spdns.de\/wp-content\/uploads\/2019\/10\/capture3-300x155.jpg 300w, https:\/\/macke.spdns.de\/wp-content\/uploads\/2019\/10\/capture3-150x77.jpg 150w, https:\/\/macke.spdns.de\/wp-content\/uploads\/2019\/10\/capture3-768x396.jpg 768w, https:\/\/macke.spdns.de\/wp-content\/uploads\/2019\/10\/capture3-1024x528.jpg 1024w, https:\/\/macke.spdns.de\/wp-content\/uploads\/2019\/10\/capture3-816x420.jpg 816w, https:\/\/macke.spdns.de\/wp-content\/uploads\/2019\/10\/capture3.jpg 1572w\" sizes=\"auto, (max-width: 300px) 100vw, 300px\" \/><\/a><\/p>\n<p><a href=\"https:\/\/macke.spdns.de\/wp-content\/uploads\/2019\/10\/capture2.jpg\"><img loading=\"lazy\" decoding=\"async\" class=\"alignnone size-medium wp-image-2318\" src=\"https:\/\/macke.spdns.de\/wp-content\/uploads\/2019\/10\/capture2-300x155.jpg\" alt=\"\" width=\"300\" height=\"155\" srcset=\"https:\/\/macke.spdns.de\/wp-content\/uploads\/2019\/10\/capture2-300x155.jpg 300w, https:\/\/macke.spdns.de\/wp-content\/uploads\/2019\/10\/capture2-150x77.jpg 150w, https:\/\/macke.spdns.de\/wp-content\/uploads\/2019\/10\/capture2-768x396.jpg 768w, https:\/\/macke.spdns.de\/wp-content\/uploads\/2019\/10\/capture2-1024x528.jpg 1024w, https:\/\/macke.spdns.de\/wp-content\/uploads\/2019\/10\/capture2-816x420.jpg 816w, https:\/\/macke.spdns.de\/wp-content\/uploads\/2019\/10\/capture2.jpg 1572w\" sizes=\"auto, (max-width: 300px) 100vw, 300px\" \/><\/a><\/p>\n<p>Bei den folgenden Rekonstruktionen ist wenigstens zu erkennen was es sein soll, wenn das Original bekannt ist:<\/p>\n<p><a href=\"https:\/\/macke.spdns.de\/wp-content\/uploads\/2019\/10\/capture1.jpg\"><img loading=\"lazy\" decoding=\"async\" class=\"alignnone size-medium wp-image-2317\" src=\"https:\/\/macke.spdns.de\/wp-content\/uploads\/2019\/10\/capture1-300x155.jpg\" alt=\"\" width=\"300\" height=\"155\" srcset=\"https:\/\/macke.spdns.de\/wp-content\/uploads\/2019\/10\/capture1-300x155.jpg 300w, https:\/\/macke.spdns.de\/wp-content\/uploads\/2019\/10\/capture1-150x77.jpg 150w, https:\/\/macke.spdns.de\/wp-content\/uploads\/2019\/10\/capture1-768x396.jpg 768w, https:\/\/macke.spdns.de\/wp-content\/uploads\/2019\/10\/capture1-1024x528.jpg 1024w, https:\/\/macke.spdns.de\/wp-content\/uploads\/2019\/10\/capture1-816x420.jpg 816w, https:\/\/macke.spdns.de\/wp-content\/uploads\/2019\/10\/capture1.jpg 1572w\" sizes=\"auto, (max-width: 300px) 100vw, 300px\" \/><\/a><\/p>\n<p><a href=\"https:\/\/macke.spdns.de\/wp-content\/uploads\/2019\/10\/capture.jpg\"><img loading=\"lazy\" decoding=\"async\" class=\"alignnone size-medium wp-image-2316\" src=\"https:\/\/macke.spdns.de\/wp-content\/uploads\/2019\/10\/capture-271x300.jpg\" alt=\"\" width=\"271\" height=\"300\" srcset=\"https:\/\/macke.spdns.de\/wp-content\/uploads\/2019\/10\/capture-271x300.jpg 271w, https:\/\/macke.spdns.de\/wp-content\/uploads\/2019\/10\/capture-136x150.jpg 136w, https:\/\/macke.spdns.de\/wp-content\/uploads\/2019\/10\/capture.jpg 676w\" sizes=\"auto, (max-width: 271px) 100vw, 271px\" \/><\/a><\/p>\n<p>Es gibt wohl noch einiges zu lernen, sowohl was die Fototechnik, als auch die Anwendung der verschiedenen Programme betrifft \ud83d\ude09<\/p>\n<p>Verwendet habe ich hier die Freeware Regard3d und Cloudcompare. Erstere erstellt aus den Fotos, hier 62 St\u00fcck, zun\u00e4chst eine Punktwolke. Mit Cloudcompare kann die Punktwolke dann weiterverarbeitet werden und es kann anschlie\u00dfend ein Mesh erzeugt werden, das die &#8222;Oberfl\u00e4che&#8220; des 3D-Modells bildet.<\/p>\n<p>&nbsp;<\/p>\n","protected":false},"excerpt":{"rendered":"<p>F\u00fcr einen 3D Nachdruck wollte ich gerne ein Kunststoffteil in&nbsp; 3D erfassen und dann drucken. So sieht das Original aus: Leider war die Erstellung des 3D-Modells mittels Structure from Motion (SfM) nicht so erfolgreich. Hier ein paar Beispiele mit unterschiedlichen Einstellungen: Bei den folgenden Rekonstruktionen ist wenigstens zu erkennen was es sein soll, wenn das [&hellip;]<\/p>\n","protected":false},"author":1,"featured_media":0,"parent":2080,"menu_order":0,"comment_status":"closed","ping_status":"closed","template":"","meta":{"footnotes":""},"class_list":["post-2314","page","type-page","status-publish","hentry"],"_links":{"self":[{"href":"https:\/\/macke.spdns.de\/index.php?rest_route=\/wp\/v2\/pages\/2314","targetHints":{"allow":["GET"]}}],"collection":[{"href":"https:\/\/macke.spdns.de\/index.php?rest_route=\/wp\/v2\/pages"}],"about":[{"href":"https:\/\/macke.spdns.de\/index.php?rest_route=\/wp\/v2\/types\/page"}],"author":[{"embeddable":true,"href":"https:\/\/macke.spdns.de\/index.php?rest_route=\/wp\/v2\/users\/1"}],"replies":[{"embeddable":true,"href":"https:\/\/macke.spdns.de\/index.php?rest_route=%2Fwp%2Fv2%2Fcomments&post=2314"}],"version-history":[{"count":0,"href":"https:\/\/macke.spdns.de\/index.php?rest_route=\/wp\/v2\/pages\/2314\/revisions"}],"up":[{"embeddable":true,"href":"https:\/\/macke.spdns.de\/index.php?rest_route=\/wp\/v2\/pages\/2080"}],"wp:attachment":[{"href":"https:\/\/macke.spdns.de\/index.php?rest_route=%2Fwp%2Fv2%2Fmedia&parent=2314"}],"curies":[{"name":"wp","href":"https:\/\/api.w.org\/{rel}","templated":true}]}}