{"id":2263,"date":"2019-09-16T22:00:43","date_gmt":"2019-09-16T20:00:43","guid":{"rendered":"https:\/\/macke.spdns.de\/?page_id=2263"},"modified":"2022-07-30T19:23:35","modified_gmt":"2022-07-30T17:23:35","slug":"kuehlschrankschublade","status":"publish","type":"page","link":"https:\/\/macke.spdns.de\/?page_id=2263","title":{"rendered":"K\u00fchlschrankschublade"},"content":{"rendered":"\n<p>Eine neue Schublade f\u00fcr den K\u00fchlschrank&#8230;<\/p>\n\n\n\n\r\n        <div class=\"modelViewerBlock\" data-attributes='{&quot;align&quot;:&quot;center&quot;,&quot;uniqueId&quot;:&quot;model4471&quot;,&quot;multiple&quot;:false,&quot;model&quot;:{&quot;modelUrl&quot;:&quot;https:\\\/\\\/macke.spdns.de\\\/wp-content\\\/uploads\\\/2022\\\/07\\\/Schublade.glb&quot;,&quot;poster&quot;:&quot;&quot;},&quot;models&quot;:[],&quot;lazyLoad&quot;:false,&quot;autoplay&quot;:false,&quot;shadow&quot;:true,&quot;autoRotate&quot;:true,&quot;zoom&quot;:true,&quot;isPagination&quot;:false,&quot;isNavigation&quot;:true,&quot;preload&quot;:&quot;auto&quot;,&quot;rotationPerSecond&quot;:&quot;30&quot;,&quot;mouseControl&quot;:true,&quot;fullscreen&quot;:true,&quot;variant&quot;:false,&quot;loadingPercentage&quot;:false,&quot;progressBar&quot;:true,&quot;rotate&quot;:false,&quot;rotateAlongX&quot;:&quot;0&quot;,&quot;rotateAlongY&quot;:&quot;75&quot;,&quot;exposure&quot;:1,&quot;styles&quot;:{&quot;width&quot;:&quot;100%&quot;,&quot;height&quot;:&quot;320px&quot;,&quot;bgColor&quot;:&quot;transparent&quot;,&quot;progressBarColor&quot;:&quot;&quot;},&quot;stylesheet&quot;:null,&quot;additional&quot;:{&quot;ID&quot;:&quot;&quot;,&quot;Class&quot;:&quot;&quot;,&quot;CSS&quot;:&quot;&quot;},&quot;animation&quot;:false,&quot;woo&quot;:false,&quot;selectedAnimation&quot;:&quot;&quot;}'><\/div>\r\n\r\n        \n\n\n\n<p>Leider wohl doch nichts f\u00fcr den 3D-Druck. Kommerzielle Anbieter h\u00e4tten gerne zwischen 350,00 \u20ac und 880,00 \u20ac f\u00fcr den Druck von einer von zwei Schubladen und Andreas Drucker br\u00e4uchte 72 Stunden f\u00fcr eine.<\/p>\n\n\n\n<p><\/p>\n","protected":false},"excerpt":{"rendered":"<p>Eine neue Schublade f\u00fcr den K\u00fchlschrank&#8230; Leider wohl doch nichts f\u00fcr den 3D-Druck. Kommerzielle Anbieter h\u00e4tten gerne zwischen 350,00 \u20ac und 880,00 \u20ac f\u00fcr den Druck von einer von zwei Schubladen und Andreas Drucker br\u00e4uchte 72 Stunden f\u00fcr eine.<\/p>\n","protected":false},"author":1,"featured_media":0,"parent":2080,"menu_order":0,"comment_status":"closed","ping_status":"closed","template":"","meta":{"footnotes":""},"class_list":["post-2263","page","type-page","status-publish","hentry"],"_links":{"self":[{"href":"https:\/\/macke.spdns.de\/index.php?rest_route=\/wp\/v2\/pages\/2263","targetHints":{"allow":["GET"]}}],"collection":[{"href":"https:\/\/macke.spdns.de\/index.php?rest_route=\/wp\/v2\/pages"}],"about":[{"href":"https:\/\/macke.spdns.de\/index.php?rest_route=\/wp\/v2\/types\/page"}],"author":[{"embeddable":true,"href":"https:\/\/macke.spdns.de\/index.php?rest_route=\/wp\/v2\/users\/1"}],"replies":[{"embeddable":true,"href":"https:\/\/macke.spdns.de\/index.php?rest_route=%2Fwp%2Fv2%2Fcomments&post=2263"}],"version-history":[{"count":0,"href":"https:\/\/macke.spdns.de\/index.php?rest_route=\/wp\/v2\/pages\/2263\/revisions"}],"up":[{"embeddable":true,"href":"https:\/\/macke.spdns.de\/index.php?rest_route=\/wp\/v2\/pages\/2080"}],"wp:attachment":[{"href":"https:\/\/macke.spdns.de\/index.php?rest_route=%2Fwp%2Fv2%2Fmedia&parent=2263"}],"curies":[{"name":"wp","href":"https:\/\/api.w.org\/{rel}","templated":true}]}}