{"id":2259,"date":"2019-09-16T21:56:48","date_gmt":"2019-09-16T19:56:48","guid":{"rendered":"https:\/\/macke.spdns.de\/?page_id=2259"},"modified":"2022-07-30T16:17:36","modified_gmt":"2022-07-30T14:17:36","slug":"der-betonbaer","status":"publish","type":"page","link":"https:\/\/macke.spdns.de\/?page_id=2259","title":{"rendered":"Der Betonbaer"},"content":{"rendered":"<p>Um SfM (Structure from Motion), also die Erstellung von 3D-Objekten aus Fotos auszuprobieren habe ich mir heute Frerks Betonb\u00e4r ausgeliehen. Der B\u00e4r ist etwa 50 cm lang, aus Beton und ich habe von ihm etwa 50 Fotos aus verschiedenen Perspektiven angefertigt. Aus diesen Fotos habe ich dann mithilfe von Regard 3D eine Punktwolke erstellt und mit einem Dreiecksnetz \u00fcberzogen. Leider hat die Verbindung von B\u00e4renbauch zu B\u00e4renseiten noch nicht so richtig gut geklappt. Eventuell mache ich morgen noch ein paar weitere Fotos um das zu verbessern.<\/p>\n<p>Update: Ich habe jetzt ein Plugin gefunden, das auch Texturen darstellen kann und werde nach und nach die Modelldarstellung auf das neue Plugin umstellen.<\/p>\n<div class=\"shortcode\">\r\n        <div class=\"modelViewerBlock\" data-attributes='{&quot;align&quot;:&quot;center&quot;,&quot;uniqueId&quot;:&quot;model4443&quot;,&quot;multiple&quot;:false,&quot;model&quot;:{&quot;modelUrl&quot;:&quot;https:\\\/\\\/macke.spdns.de\\\/wp-content\\\/uploads\\\/2022\\\/07\\\/baerliGLB1.glb&quot;,&quot;poster&quot;:&quot;&quot;},&quot;models&quot;:[],&quot;lazyLoad&quot;:false,&quot;autoplay&quot;:false,&quot;shadow&quot;:true,&quot;autoRotate&quot;:true,&quot;zoom&quot;:true,&quot;isPagination&quot;:false,&quot;isNavigation&quot;:true,&quot;preload&quot;:&quot;auto&quot;,&quot;rotationPerSecond&quot;:&quot;30&quot;,&quot;mouseControl&quot;:true,&quot;fullscreen&quot;:true,&quot;variant&quot;:false,&quot;loadingPercentage&quot;:false,&quot;progressBar&quot;:true,&quot;rotate&quot;:false,&quot;rotateAlongX&quot;:&quot;0&quot;,&quot;rotateAlongY&quot;:&quot;75&quot;,&quot;exposure&quot;:1,&quot;styles&quot;:{&quot;width&quot;:&quot;100%&quot;,&quot;height&quot;:&quot;320px&quot;,&quot;bgColor&quot;:&quot;#2075a0&quot;,&quot;progressBarColor&quot;:&quot;&quot;},&quot;stylesheet&quot;:null,&quot;additional&quot;:{&quot;ID&quot;:&quot;&quot;,&quot;Class&quot;:&quot;&quot;,&quot;CSS&quot;:&quot;&quot;},&quot;animation&quot;:false,&quot;woo&quot;:false,&quot;selectedAnimation&quot;:&quot;&quot;}'><\/div>\r\n\r\n        <\/div>\n<p>So sollte er eigentlich aussehen:<\/p>\n<p><a href=\"https:\/\/macke.spdns.de\/wp-content\/uploads\/2019\/09\/Bild-Baer200.png\"><img loading=\"lazy\" decoding=\"async\" class=\"alignnone size-medium wp-image-2274\" src=\"https:\/\/macke.spdns.de\/wp-content\/uploads\/2019\/09\/Bild-Baer200-300x189.png\" alt=\"\" width=\"300\" height=\"189\" srcset=\"https:\/\/macke.spdns.de\/wp-content\/uploads\/2019\/09\/Bild-Baer200-300x189.png 300w, https:\/\/macke.spdns.de\/wp-content\/uploads\/2019\/09\/Bild-Baer200-150x95.png 150w, https:\/\/macke.spdns.de\/wp-content\/uploads\/2019\/09\/Bild-Baer200-768x485.png 768w, https:\/\/macke.spdns.de\/wp-content\/uploads\/2019\/09\/Bild-Baer200-1024x646.png 1024w, https:\/\/macke.spdns.de\/wp-content\/uploads\/2019\/09\/Bild-Baer200-816x515.png 816w, https:\/\/macke.spdns.de\/wp-content\/uploads\/2019\/09\/Bild-Baer200.png 1483w\" sizes=\"auto, (max-width: 300px) 100vw, 300px\" \/><\/a><\/p>\n<p>Heute habe ich den B\u00e4ren nochmal mit Recap Photo von Autodesk gerechnet. Ausgehend von den selben Fotos erhalte ich dann ein besseres Modell, das sich f\u00fcr den 3D-Druck eignet.<\/p>\n<p>Netterweise hat Andreas mir dann auch noch zwei 3D-Drucke des Betonb\u00e4ren angefertigt. Hier ein paar Fotos:<\/p>\n<p><a href=\"https:\/\/macke.spdns.de\/wp-content\/uploads\/2020\/05\/20200528_080319-scaled.jpg\"><img loading=\"lazy\" decoding=\"async\" class=\"alignnone size-medium wp-image-2755\" src=\"https:\/\/macke.spdns.de\/wp-content\/uploads\/2020\/05\/20200528_080319-300x146.jpg\" alt=\"\" width=\"300\" height=\"146\" srcset=\"https:\/\/macke.spdns.de\/wp-content\/uploads\/2020\/05\/20200528_080319-300x146.jpg 300w, https:\/\/macke.spdns.de\/wp-content\/uploads\/2020\/05\/20200528_080319-1024x498.jpg 1024w, https:\/\/macke.spdns.de\/wp-content\/uploads\/2020\/05\/20200528_080319-150x73.jpg 150w, https:\/\/macke.spdns.de\/wp-content\/uploads\/2020\/05\/20200528_080319-768x373.jpg 768w, https:\/\/macke.spdns.de\/wp-content\/uploads\/2020\/05\/20200528_080319-1536x747.jpg 1536w, https:\/\/macke.spdns.de\/wp-content\/uploads\/2020\/05\/20200528_080319-2048x996.jpg 2048w, https:\/\/macke.spdns.de\/wp-content\/uploads\/2020\/05\/20200528_080319-816x397.jpg 816w\" sizes=\"auto, (max-width: 300px) 100vw, 300px\" \/><\/a> <a href=\"https:\/\/macke.spdns.de\/wp-content\/uploads\/2020\/05\/20200528_080357-scaled.jpg\"><img loading=\"lazy\" decoding=\"async\" class=\"alignnone size-medium wp-image-2758\" src=\"https:\/\/macke.spdns.de\/wp-content\/uploads\/2020\/05\/20200528_080357-300x146.jpg\" alt=\"\" width=\"300\" height=\"146\" srcset=\"https:\/\/macke.spdns.de\/wp-content\/uploads\/2020\/05\/20200528_080357-300x146.jpg 300w, https:\/\/macke.spdns.de\/wp-content\/uploads\/2020\/05\/20200528_080357-1024x498.jpg 1024w, https:\/\/macke.spdns.de\/wp-content\/uploads\/2020\/05\/20200528_080357-150x73.jpg 150w, https:\/\/macke.spdns.de\/wp-content\/uploads\/2020\/05\/20200528_080357-768x373.jpg 768w, https:\/\/macke.spdns.de\/wp-content\/uploads\/2020\/05\/20200528_080357-1536x747.jpg 1536w, https:\/\/macke.spdns.de\/wp-content\/uploads\/2020\/05\/20200528_080357-2048x996.jpg 2048w, https:\/\/macke.spdns.de\/wp-content\/uploads\/2020\/05\/20200528_080357-816x397.jpg 816w\" sizes=\"auto, (max-width: 300px) 100vw, 300px\" \/><\/a> <a href=\"https:\/\/macke.spdns.de\/wp-content\/uploads\/2020\/05\/20200528_080352-scaled.jpg\"><img loading=\"lazy\" decoding=\"async\" class=\"alignnone size-medium wp-image-2757\" src=\"https:\/\/macke.spdns.de\/wp-content\/uploads\/2020\/05\/20200528_080352-300x146.jpg\" alt=\"\" width=\"300\" height=\"146\" srcset=\"https:\/\/macke.spdns.de\/wp-content\/uploads\/2020\/05\/20200528_080352-300x146.jpg 300w, https:\/\/macke.spdns.de\/wp-content\/uploads\/2020\/05\/20200528_080352-1024x498.jpg 1024w, https:\/\/macke.spdns.de\/wp-content\/uploads\/2020\/05\/20200528_080352-150x73.jpg 150w, https:\/\/macke.spdns.de\/wp-content\/uploads\/2020\/05\/20200528_080352-768x373.jpg 768w, https:\/\/macke.spdns.de\/wp-content\/uploads\/2020\/05\/20200528_080352-1536x747.jpg 1536w, https:\/\/macke.spdns.de\/wp-content\/uploads\/2020\/05\/20200528_080352-2048x996.jpg 2048w, https:\/\/macke.spdns.de\/wp-content\/uploads\/2020\/05\/20200528_080352-816x397.jpg 816w\" sizes=\"auto, (max-width: 300px) 100vw, 300px\" \/><\/a> <a href=\"https:\/\/macke.spdns.de\/wp-content\/uploads\/2020\/05\/20200528_080346-scaled.jpg\"><img loading=\"lazy\" decoding=\"async\" class=\"alignnone wp-image-2756 size-medium\" src=\"https:\/\/macke.spdns.de\/wp-content\/uploads\/2020\/05\/20200528_080346-scaled-e1590651214460-300x146.jpg\" alt=\"\" width=\"300\" height=\"146\" srcset=\"https:\/\/macke.spdns.de\/wp-content\/uploads\/2020\/05\/20200528_080346-scaled-e1590651214460-300x146.jpg 300w, https:\/\/macke.spdns.de\/wp-content\/uploads\/2020\/05\/20200528_080346-scaled-e1590651214460-1024x498.jpg 1024w, https:\/\/macke.spdns.de\/wp-content\/uploads\/2020\/05\/20200528_080346-scaled-e1590651214460-150x73.jpg 150w, https:\/\/macke.spdns.de\/wp-content\/uploads\/2020\/05\/20200528_080346-scaled-e1590651214460-768x373.jpg 768w, https:\/\/macke.spdns.de\/wp-content\/uploads\/2020\/05\/20200528_080346-scaled-e1590651214460-1536x746.jpg 1536w, https:\/\/macke.spdns.de\/wp-content\/uploads\/2020\/05\/20200528_080346-scaled-e1590651214460-2048x995.jpg 2048w, https:\/\/macke.spdns.de\/wp-content\/uploads\/2020\/05\/20200528_080346-scaled-e1590651214460-816x397.jpg 816w\" sizes=\"auto, (max-width: 300px) 100vw, 300px\" \/><\/a><\/p>\n","protected":false},"excerpt":{"rendered":"<p>Um SfM (Structure from Motion), also die Erstellung von 3D-Objekten aus Fotos auszuprobieren habe ich mir heute Frerks Betonb\u00e4r ausgeliehen. Der B\u00e4r ist etwa 50 cm lang, aus Beton und ich habe von ihm etwa 50 Fotos aus verschiedenen Perspektiven angefertigt. Aus diesen Fotos habe ich dann mithilfe von Regard 3D eine Punktwolke erstellt und [&hellip;]<\/p>\n","protected":false},"author":1,"featured_media":0,"parent":2080,"menu_order":0,"comment_status":"closed","ping_status":"closed","template":"","meta":{"footnotes":""},"class_list":["post-2259","page","type-page","status-publish","hentry"],"_links":{"self":[{"href":"https:\/\/macke.spdns.de\/index.php?rest_route=\/wp\/v2\/pages\/2259","targetHints":{"allow":["GET"]}}],"collection":[{"href":"https:\/\/macke.spdns.de\/index.php?rest_route=\/wp\/v2\/pages"}],"about":[{"href":"https:\/\/macke.spdns.de\/index.php?rest_route=\/wp\/v2\/types\/page"}],"author":[{"embeddable":true,"href":"https:\/\/macke.spdns.de\/index.php?rest_route=\/wp\/v2\/users\/1"}],"replies":[{"embeddable":true,"href":"https:\/\/macke.spdns.de\/index.php?rest_route=%2Fwp%2Fv2%2Fcomments&post=2259"}],"version-history":[{"count":0,"href":"https:\/\/macke.spdns.de\/index.php?rest_route=\/wp\/v2\/pages\/2259\/revisions"}],"up":[{"embeddable":true,"href":"https:\/\/macke.spdns.de\/index.php?rest_route=\/wp\/v2\/pages\/2080"}],"wp:attachment":[{"href":"https:\/\/macke.spdns.de\/index.php?rest_route=%2Fwp%2Fv2%2Fmedia&parent=2259"}],"curies":[{"name":"wp","href":"https:\/\/api.w.org\/{rel}","templated":true}]}}