{"id":193,"date":"2017-07-23T17:24:19","date_gmt":"2017-07-23T15:24:19","guid":{"rendered":"http:\/\/macke.spdns.de\/?page_id=193"},"modified":"2018-12-15T11:54:30","modified_gmt":"2018-12-15T10:54:30","slug":"datenschutzerklaerung","status":"publish","type":"page","link":"https:\/\/macke.spdns.de\/?page_id=193","title":{"rendered":"Datenschutzerkl\u00e4rung"},"content":{"rendered":"<p>Die Nutzung meiner Webseite ist ohne Angabe personenbezogener Daten m\u00f6glich. Soweit auf meinen Seiten in Zukunft personenbezogene Daten (beispielsweise Name, Anschrift oder eMail-Adressen) erhoben werden, erfolgt dies auf freiwilliger Basis. Diese Daten werden ohne Ihre ausdr\u00fcckliche Zustimmung nicht an Dritte weitergegeben. Gespeichert werden jedoch die IPv4-Adressen der Clients f\u00fcr statistische Zwecke. Die IP-Adressen werden vor der Speicherung durch L\u00f6schen des letzten Blocks anonymisiert<\/p>\n<p>Ich weise darauf hin, dass die Daten\u00fcbertragung im Internet (z.B. bei der Kommunikation per E-Mail oder durch die Nutzung unverschl\u00fcsselter Verbindungen) Sicherheitsl\u00fccken aufweisen kann. Ein l\u00fcckenloser Schutz der Daten vor dem Zugriff durch Dritte ist nicht m\u00f6glich.<\/p>\n<p>Der Nutzung von im Rahmen der Impressumspflicht ver\u00f6ffentlichten Kontaktdaten durch Dritte zur \u00dcbersendung von nicht ausdr\u00fccklich angeforderter Werbung und Informationsmaterialien wird hiermit ausdr\u00fccklich widersprochen. Der Betreiber der Seiten beh\u00e4lt sich ausdr\u00fccklich rechtliche Schritte im Falle der unverlangten Zusendung von Werbeinformationen, etwa durch Spam-Mails, vor.<\/p>\n","protected":false},"excerpt":{"rendered":"<p>Die Nutzung meiner Webseite ist ohne Angabe personenbezogener Daten m\u00f6glich. Soweit auf meinen Seiten in Zukunft personenbezogene Daten (beispielsweise Name, Anschrift oder eMail-Adressen) erhoben werden, erfolgt dies auf freiwilliger Basis. Diese Daten werden ohne Ihre ausdr\u00fcckliche Zustimmung nicht an Dritte weitergegeben. Gespeichert werden jedoch die IPv4-Adressen der Clients f\u00fcr statistische Zwecke. Die IP-Adressen werden vor [&hellip;]<\/p>\n","protected":false},"author":1,"featured_media":0,"parent":0,"menu_order":0,"comment_status":"closed","ping_status":"closed","template":"","meta":{"footnotes":""},"class_list":["post-193","page","type-page","status-publish","hentry"],"_links":{"self":[{"href":"https:\/\/macke.spdns.de\/index.php?rest_route=\/wp\/v2\/pages\/193","targetHints":{"allow":["GET"]}}],"collection":[{"href":"https:\/\/macke.spdns.de\/index.php?rest_route=\/wp\/v2\/pages"}],"about":[{"href":"https:\/\/macke.spdns.de\/index.php?rest_route=\/wp\/v2\/types\/page"}],"author":[{"embeddable":true,"href":"https:\/\/macke.spdns.de\/index.php?rest_route=\/wp\/v2\/users\/1"}],"replies":[{"embeddable":true,"href":"https:\/\/macke.spdns.de\/index.php?rest_route=%2Fwp%2Fv2%2Fcomments&post=193"}],"version-history":[{"count":0,"href":"https:\/\/macke.spdns.de\/index.php?rest_route=\/wp\/v2\/pages\/193\/revisions"}],"wp:attachment":[{"href":"https:\/\/macke.spdns.de\/index.php?rest_route=%2Fwp%2Fv2%2Fmedia&parent=193"}],"curies":[{"name":"wp","href":"https:\/\/api.w.org\/{rel}","templated":true}]}}